{"id":8,"date":"2024-08-11T19:28:25","date_gmt":"2024-08-11T17:28:25","guid":{"rendered":"http:\/\/cncp-up.fr\/?page_id=8"},"modified":"2024-08-14T20:57:22","modified_gmt":"2024-08-14T18:57:22","slug":"home","status":"publish","type":"page","link":"https:\/\/cncp-up.fr\/","title":{"rendered":"Home"},"content":{"rendered":"\t\t<div data-elementor-type=\"wp-page\" data-elementor-id=\"8\" class=\"elementor elementor-8\" data-elementor-post-type=\"page\">\n\t\t\t\t<div class=\"elementor-element elementor-element-5c53771 e-flex e-con-boxed e-con e-parent\" data-id=\"5c53771\" data-element_type=\"container\" data-settings=\"{&quot;background_background&quot;:&quot;classic&quot;}\">\n\t\t\t\t\t<div class=\"e-con-inner\">\n\t\t\t\t<div class=\"elementor-element elementor-element-952f3c0 elementor-widget elementor-widget-heading\" data-id=\"952f3c0\" data-element_type=\"widget\" data-widget_type=\"heading.default\">\n\t\t\t\t<div class=\"elementor-widget-container\">\n\t\t\t<style>\/*! elementor - v3.23.0 - 05-08-2024 *\/\n.elementor-heading-title{padding:0;margin:0;line-height:1}.elementor-widget-heading .elementor-heading-title[class*=elementor-size-]>a{color:inherit;font-size:inherit;line-height:inherit}.elementor-widget-heading .elementor-heading-title.elementor-size-small{font-size:15px}.elementor-widget-heading .elementor-heading-title.elementor-size-medium{font-size:19px}.elementor-widget-heading .elementor-heading-title.elementor-size-large{font-size:29px}.elementor-widget-heading .elementor-heading-title.elementor-size-xl{font-size:39px}.elementor-widget-heading .elementor-heading-title.elementor-size-xxl{font-size:59px}<\/style><h1 class=\"elementor-heading-title elementor-size-default\">CNCP<\/h1>\t\t<\/div>\n\t\t\t\t<\/div>\n\t\t\t\t<div class=\"elementor-element elementor-element-4f037b9 elementor-widget elementor-widget-heading\" data-id=\"4f037b9\" data-element_type=\"widget\" data-widget_type=\"heading.default\">\n\t\t\t\t<div class=\"elementor-widget-container\">\n\t\t\t<h3 class=\"elementor-heading-title elementor-size-default\">Cercle Nautique des Carabins Parisiens<\/h3>\t\t<\/div>\n\t\t\t\t<\/div>\n\t\t\t\t<div class=\"elementor-element elementor-element-7c58d5b elementor-widget elementor-widget-html\" data-id=\"7c58d5b\" data-element_type=\"widget\" data-widget_type=\"html.default\">\n\t\t\t\t<div class=\"elementor-widget-container\">\n\t\t\t<!DOCTYPE html>\n<html lang=\"en\">\n<head>\n    <meta charset=\"UTF-8\">\n    <meta http-equiv=\"X-UA-Compatible\" content=\"IE=edge\">\n    <meta name=\"viewport\" content=\"width=device-width, initial-scale=1.0\">\n    <link rel=\"stylesheet\" href=\"style.css\">\n    <title>Marquee Example<\/title>\n<\/head>\n<body>\n    <marquee behavior=\"scroll\" direction=\"right\" class=\"custom-marquee\" scrollamount=\"5\" loop=\"infinite\">\n        CCE - Soir\u00e9es - P\u00e9tanque - R\u00e9gates - Weekend Voile - Course contre le cancer ...\n    <\/marquee>\n<\/body>\n<\/html>\n\t\t<\/div>\n\t\t\t\t<\/div>\n\t\t\t\t\t<\/div>\n\t\t\t\t<\/div>\n\t\t<div class=\"elementor-element elementor-element-5a6532e e-flex e-con-boxed e-con e-parent\" data-id=\"5a6532e\" data-element_type=\"container\">\n\t\t\t\t\t<div class=\"e-con-inner\">\n\t\t\t\t<div class=\"elementor-element elementor-element-b12c360 elementor-invisible elementor-widget elementor-widget-image\" data-id=\"b12c360\" data-element_type=\"widget\" data-settings=\"{&quot;_animation&quot;:&quot;fadeInUp&quot;}\" data-widget_type=\"image.default\">\n\t\t\t\t<div class=\"elementor-widget-container\">\n\t\t\t<style>\/*! elementor - v3.23.0 - 05-08-2024 *\/\n.elementor-widget-image{text-align:center}.elementor-widget-image a{display:inline-block}.elementor-widget-image a img[src$=\".svg\"]{width:48px}.elementor-widget-image img{vertical-align:middle;display:inline-block}<\/style>\t\t\t\t\t\t\t\t\t\t<img fetchpriority=\"high\" decoding=\"async\" width=\"800\" height=\"800\" src=\"https:\/\/cncp-up.fr\/wp-content\/uploads\/2024\/08\/bousolle-1024x1024.png\" class=\"attachment-large size-large wp-image-42\" alt=\"\" srcset=\"https:\/\/cncp-up.fr\/wp-content\/uploads\/2024\/08\/bousolle-1024x1024.png 1024w, https:\/\/cncp-up.fr\/wp-content\/uploads\/2024\/08\/bousolle-300x300.png 300w, https:\/\/cncp-up.fr\/wp-content\/uploads\/2024\/08\/bousolle-150x150.png 150w, https:\/\/cncp-up.fr\/wp-content\/uploads\/2024\/08\/bousolle-768x768.png 768w, https:\/\/cncp-up.fr\/wp-content\/uploads\/2024\/08\/bousolle-1536x1536.png 1536w, https:\/\/cncp-up.fr\/wp-content\/uploads\/2024\/08\/bousolle.png 1563w\" sizes=\"(max-width: 800px) 100vw, 800px\" \/>\t\t\t\t\t\t\t\t\t\t\t\t\t<\/div>\n\t\t\t\t<\/div>\n\t\t\t\t\t<\/div>\n\t\t\t\t<\/div>\n\t\t\t\t<\/div>\n\t\t","protected":false},"excerpt":{"rendered":"<p>CNCP Cercle Nautique des Carabins Parisiens Marquee Example CCE &#8211; Soir\u00e9es &#8211; P\u00e9tanque &#8211; R\u00e9gates &#8211; Weekend Voile &#8211; Course contre le cancer &#8230;<\/p>\n","protected":false},"author":1,"featured_media":0,"parent":0,"menu_order":0,"comment_status":"closed","ping_status":"closed","template":"elementor_header_footer","meta":{"footnotes":""},"class_list":["post-8","page","type-page","status-publish","hentry"],"yoast_head":"<!-- This site is optimized with the Yoast SEO plugin v23.2 - https:\/\/yoast.com\/wordpress\/plugins\/seo\/ -->\n<title>Home - CNCP<\/title>\n<meta name=\"robots\" content=\"noindex, follow, max-snippet:-1, max-image-preview:large, max-video-preview:-1\" \/>\n<meta property=\"og:locale\" content=\"fr_FR\" \/>\n<meta property=\"og:type\" content=\"article\" \/>\n<meta property=\"og:title\" content=\"Home - CNCP\" \/>\n<meta property=\"og:description\" content=\"CNCP Cercle Nautique des Carabins Parisiens Marquee Example CCE &#8211; Soir\u00e9es &#8211; P\u00e9tanque &#8211; R\u00e9gates &#8211; Weekend Voile &#8211; Course contre le cancer &#8230;\" \/>\n<meta property=\"og:url\" content=\"https:\/\/cncp-up.fr\/\" \/>\n<meta property=\"og:site_name\" content=\"CNCP\" \/>\n<meta property=\"article:modified_time\" content=\"2024-08-14T18:57:22+00:00\" \/>\n<meta property=\"og:image\" content=\"https:\/\/cncp-up.fr\/wp-content\/uploads\/2024\/08\/bousolle-1024x1024.png\" \/>\n<meta name=\"twitter:card\" content=\"summary_large_image\" \/>\n<meta name=\"twitter:label1\" content=\"Dur\u00e9e de lecture estim\u00e9e\" \/>\n\t<meta name=\"twitter:data1\" content=\"1 minute\" \/>\n<script type=\"application\/ld+json\" class=\"yoast-schema-graph\">{\"@context\":\"https:\/\/schema.org\",\"@graph\":[{\"@type\":\"WebPage\",\"@id\":\"https:\/\/cncp-up.fr\/\",\"url\":\"https:\/\/cncp-up.fr\/\",\"name\":\"Home - CNCP\",\"isPartOf\":{\"@id\":\"https:\/\/cncp-up.fr\/#website\"},\"primaryImageOfPage\":{\"@id\":\"https:\/\/cncp-up.fr\/#primaryimage\"},\"image\":{\"@id\":\"https:\/\/cncp-up.fr\/#primaryimage\"},\"thumbnailUrl\":\"https:\/\/cncp-up.fr\/wp-content\/uploads\/2024\/08\/bousolle-1024x1024.png\",\"datePublished\":\"2024-08-11T17:28:25+00:00\",\"dateModified\":\"2024-08-14T18:57:22+00:00\",\"breadcrumb\":{\"@id\":\"https:\/\/cncp-up.fr\/#breadcrumb\"},\"inLanguage\":\"fr-FR\",\"potentialAction\":[{\"@type\":\"ReadAction\",\"target\":[\"https:\/\/cncp-up.fr\/\"]}]},{\"@type\":\"ImageObject\",\"inLanguage\":\"fr-FR\",\"@id\":\"https:\/\/cncp-up.fr\/#primaryimage\",\"url\":\"https:\/\/cncp-up.fr\/wp-content\/uploads\/2024\/08\/bousolle.png\",\"contentUrl\":\"https:\/\/cncp-up.fr\/wp-content\/uploads\/2024\/08\/bousolle.png\",\"width\":1563,\"height\":1563},{\"@type\":\"BreadcrumbList\",\"@id\":\"https:\/\/cncp-up.fr\/#breadcrumb\",\"itemListElement\":[{\"@type\":\"ListItem\",\"position\":1,\"name\":\"Accueil\",\"item\":\"https:\/\/cncp-up.fr\/\"},{\"@type\":\"ListItem\",\"position\":2,\"name\":\"Home\"}]},{\"@type\":\"WebSite\",\"@id\":\"https:\/\/cncp-up.fr\/#website\",\"url\":\"https:\/\/cncp-up.fr\/\",\"name\":\"CNCP\",\"description\":\"Cercle Nautique des Carabins Parisiens\",\"publisher\":{\"@id\":\"https:\/\/cncp-up.fr\/#organization\"},\"potentialAction\":[{\"@type\":\"SearchAction\",\"target\":{\"@type\":\"EntryPoint\",\"urlTemplate\":\"https:\/\/cncp-up.fr\/?s={search_term_string}\"},\"query-input\":\"required name=search_term_string\"}],\"inLanguage\":\"fr-FR\"},{\"@type\":\"Organization\",\"@id\":\"https:\/\/cncp-up.fr\/#organization\",\"name\":\"CNCP\",\"url\":\"https:\/\/cncp-up.fr\/\",\"logo\":{\"@type\":\"ImageObject\",\"inLanguage\":\"fr-FR\",\"@id\":\"https:\/\/cncp-up.fr\/#\/schema\/logo\/image\/\",\"url\":\"https:\/\/cncp-up.fr\/wp-content\/uploads\/2024\/08\/logo-50.png\",\"contentUrl\":\"https:\/\/cncp-up.fr\/wp-content\/uploads\/2024\/08\/logo-50.png\",\"width\":1220,\"height\":1069,\"caption\":\"CNCP\"},\"image\":{\"@id\":\"https:\/\/cncp-up.fr\/#\/schema\/logo\/image\/\"}}]}<\/script>\n<!-- \/ Yoast SEO plugin. -->","yoast_head_json":{"title":"Home - CNCP","robots":{"index":"noindex","follow":"follow","max-snippet":"max-snippet:-1","max-image-preview":"max-image-preview:large","max-video-preview":"max-video-preview:-1"},"og_locale":"fr_FR","og_type":"article","og_title":"Home - CNCP","og_description":"CNCP Cercle Nautique des Carabins Parisiens Marquee Example CCE &#8211; Soir\u00e9es &#8211; P\u00e9tanque &#8211; R\u00e9gates &#8211; Weekend Voile &#8211; Course contre le cancer &#8230;","og_url":"https:\/\/cncp-up.fr\/","og_site_name":"CNCP","article_modified_time":"2024-08-14T18:57:22+00:00","og_image":[{"url":"https:\/\/cncp-up.fr\/wp-content\/uploads\/2024\/08\/bousolle-1024x1024.png"}],"twitter_card":"summary_large_image","twitter_misc":{"Dur\u00e9e de lecture estim\u00e9e":"1 minute"},"schema":{"@context":"https:\/\/schema.org","@graph":[{"@type":"WebPage","@id":"https:\/\/cncp-up.fr\/","url":"https:\/\/cncp-up.fr\/","name":"Home - CNCP","isPartOf":{"@id":"https:\/\/cncp-up.fr\/#website"},"primaryImageOfPage":{"@id":"https:\/\/cncp-up.fr\/#primaryimage"},"image":{"@id":"https:\/\/cncp-up.fr\/#primaryimage"},"thumbnailUrl":"https:\/\/cncp-up.fr\/wp-content\/uploads\/2024\/08\/bousolle-1024x1024.png","datePublished":"2024-08-11T17:28:25+00:00","dateModified":"2024-08-14T18:57:22+00:00","breadcrumb":{"@id":"https:\/\/cncp-up.fr\/#breadcrumb"},"inLanguage":"fr-FR","potentialAction":[{"@type":"ReadAction","target":["https:\/\/cncp-up.fr\/"]}]},{"@type":"ImageObject","inLanguage":"fr-FR","@id":"https:\/\/cncp-up.fr\/#primaryimage","url":"https:\/\/cncp-up.fr\/wp-content\/uploads\/2024\/08\/bousolle.png","contentUrl":"https:\/\/cncp-up.fr\/wp-content\/uploads\/2024\/08\/bousolle.png","width":1563,"height":1563},{"@type":"BreadcrumbList","@id":"https:\/\/cncp-up.fr\/#breadcrumb","itemListElement":[{"@type":"ListItem","position":1,"name":"Accueil","item":"https:\/\/cncp-up.fr\/"},{"@type":"ListItem","position":2,"name":"Home"}]},{"@type":"WebSite","@id":"https:\/\/cncp-up.fr\/#website","url":"https:\/\/cncp-up.fr\/","name":"CNCP","description":"Cercle Nautique des Carabins Parisiens","publisher":{"@id":"https:\/\/cncp-up.fr\/#organization"},"potentialAction":[{"@type":"SearchAction","target":{"@type":"EntryPoint","urlTemplate":"https:\/\/cncp-up.fr\/?s={search_term_string}"},"query-input":"required name=search_term_string"}],"inLanguage":"fr-FR"},{"@type":"Organization","@id":"https:\/\/cncp-up.fr\/#organization","name":"CNCP","url":"https:\/\/cncp-up.fr\/","logo":{"@type":"ImageObject","inLanguage":"fr-FR","@id":"https:\/\/cncp-up.fr\/#\/schema\/logo\/image\/","url":"https:\/\/cncp-up.fr\/wp-content\/uploads\/2024\/08\/logo-50.png","contentUrl":"https:\/\/cncp-up.fr\/wp-content\/uploads\/2024\/08\/logo-50.png","width":1220,"height":1069,"caption":"CNCP"},"image":{"@id":"https:\/\/cncp-up.fr\/#\/schema\/logo\/image\/"}}]}},"jetpack_sharing_enabled":true,"_links":{"self":[{"href":"https:\/\/cncp-up.fr\/index.php\/wp-json\/wp\/v2\/pages\/8","targetHints":{"allow":["GET"]}}],"collection":[{"href":"https:\/\/cncp-up.fr\/index.php\/wp-json\/wp\/v2\/pages"}],"about":[{"href":"https:\/\/cncp-up.fr\/index.php\/wp-json\/wp\/v2\/types\/page"}],"author":[{"embeddable":true,"href":"https:\/\/cncp-up.fr\/index.php\/wp-json\/wp\/v2\/users\/1"}],"replies":[{"embeddable":true,"href":"https:\/\/cncp-up.fr\/index.php\/wp-json\/wp\/v2\/comments?post=8"}],"version-history":[{"count":10,"href":"https:\/\/cncp-up.fr\/index.php\/wp-json\/wp\/v2\/pages\/8\/revisions"}],"predecessor-version":[{"id":45,"href":"https:\/\/cncp-up.fr\/index.php\/wp-json\/wp\/v2\/pages\/8\/revisions\/45"}],"wp:attachment":[{"href":"https:\/\/cncp-up.fr\/index.php\/wp-json\/wp\/v2\/media?parent=8"}],"curies":[{"name":"wp","href":"https:\/\/api.w.org\/{rel}","templated":true}]}}